{"id":7652,"date":"2021-09-05T09:53:53","date_gmt":"2021-09-05T09:53:53","guid":{"rendered":"https:\/\/duda-design.com\/shop\/Bez%20kategorije\/1-nausnice-sandra\/"},"modified":"2021-09-05T09:58:03","modified_gmt":"2021-09-05T09:58:03","slug":"1-nausnice-sandra","status":"publish","type":"product","link":"https:\/\/duda-design.com\/hr\/catalog\/nausnice\/1-nausnice-sandra\/","title":{"rendered":"1 Nau\u0161nice SANDRA"},"content":{"rendered":"","protected":false},"excerpt":{"rendered":"<p><em>DETAILS<\/em><\/p>\n<ul>\n<li>Semi-Hoop Drop Earrings With Butterfly Backs<\/li>\n<li>Amber Bead \u00d8 1.8 cm approx.<\/li>\n<li>Solid Pure &amp; Sterling Silver (Not Hollow)<\/li>\n<li>Hoop Size \u00d8 2.5 cm approx.<\/li>\n<li>L 5 cm x W 1.4 cm approx.<\/li>\n<li>8.5 g\/pair<\/li>\n<\/ul>\n","protected":false},"featured_media":7651,"template":"","meta":[],"product_brand":[],"product_cat":[489],"product_tag":[],"class_list":{"0":"post-7652","1":"product","2":"type-product","3":"status-publish","4":"has-post-thumbnail","6":"product_cat-nausnice","8":"first","9":"instock","10":"shipping-taxable","11":"product-type-simple"},"yoast_head":"<!-- This site is optimized with the Yoast SEO plugin v27.3 - https:\/\/yoast.com\/product\/yoast-seo-wordpress\/ -->\n<title>1 Nau\u0161nice SANDRA - Duda design<\/title>\n<meta name=\"robots\" content=\"index, follow, max-snippet:-1, max-image-preview:large, max-video-preview:-1\" \/>\n<link rel=\"canonical\" href=\"https:\/\/duda-design.com\/hr\/catalog\/nausnice\/1-nausnice-sandra\/\" \/>\n<meta property=\"og:locale\" content=\"hr_HR\" \/>\n<meta property=\"og:type\" content=\"article\" \/>\n<meta property=\"og:title\" content=\"1 Nau\u0161nice SANDRA - Duda design\" \/>\n<meta property=\"og:description\" content=\"DETAILS   Semi-Hoop Drop Earrings With Butterfly Backs  Amber Bead \u00d8 1.8 cm approx.  Solid Pure &amp; Sterling Silver (Not Hollow)  Hoop Size \u00d8 2.5 cm approx.  L 5 cm x W 1.4 cm approx.  8.5 g\/pair\" \/>\n<meta property=\"og:url\" content=\"https:\/\/duda-design.com\/hr\/catalog\/nausnice\/1-nausnice-sandra\/\" \/>\n<meta property=\"og:site_name\" content=\"Duda design\" \/>\n<meta property=\"article:modified_time\" content=\"2021-09-05T09:58:03+00:00\" \/>\n<meta property=\"og:image\" content=\"https:\/\/duda-design.com\/wp-content\/uploads\/2021\/09\/IMG_20210903_155139-scaled.jpg\" \/>\n\t<meta property=\"og:image:width\" content=\"1920\" \/>\n\t<meta property=\"og:image:height\" content=\"2560\" \/>\n\t<meta property=\"og:image:type\" content=\"image\/jpeg\" \/>\n<meta name=\"twitter:card\" content=\"summary_large_image\" \/>\n<script type=\"application\/ld+json\" class=\"yoast-schema-graph\">{\"@context\":\"https:\\\/\\\/schema.org\",\"@graph\":[{\"@type\":\"WebPage\",\"@id\":\"https:\\\/\\\/duda-design.com\\\/hr\\\/catalog\\\/nausnice\\\/1-nausnice-sandra\\\/\",\"url\":\"https:\\\/\\\/duda-design.com\\\/hr\\\/catalog\\\/nausnice\\\/1-nausnice-sandra\\\/\",\"name\":\"1 Nau\u0161nice SANDRA - Duda design\",\"isPartOf\":{\"@id\":\"https:\\\/\\\/duda-design.com\\\/#website\"},\"primaryImageOfPage\":{\"@id\":\"https:\\\/\\\/duda-design.com\\\/hr\\\/catalog\\\/nausnice\\\/1-nausnice-sandra\\\/#primaryimage\"},\"image\":{\"@id\":\"https:\\\/\\\/duda-design.com\\\/hr\\\/catalog\\\/nausnice\\\/1-nausnice-sandra\\\/#primaryimage\"},\"thumbnailUrl\":\"https:\\\/\\\/duda-design.com\\\/wp-content\\\/uploads\\\/2021\\\/09\\\/IMG_20210903_155139-scaled.jpg\",\"datePublished\":\"2021-09-05T09:53:53+00:00\",\"dateModified\":\"2021-09-05T09:58:03+00:00\",\"breadcrumb\":{\"@id\":\"https:\\\/\\\/duda-design.com\\\/hr\\\/catalog\\\/nausnice\\\/1-nausnice-sandra\\\/#breadcrumb\"},\"inLanguage\":\"hr\",\"potentialAction\":[{\"@type\":\"ReadAction\",\"target\":[\"https:\\\/\\\/duda-design.com\\\/hr\\\/catalog\\\/nausnice\\\/1-nausnice-sandra\\\/\"]}]},{\"@type\":\"ImageObject\",\"inLanguage\":\"hr\",\"@id\":\"https:\\\/\\\/duda-design.com\\\/hr\\\/catalog\\\/nausnice\\\/1-nausnice-sandra\\\/#primaryimage\",\"url\":\"https:\\\/\\\/duda-design.com\\\/wp-content\\\/uploads\\\/2021\\\/09\\\/IMG_20210903_155139-scaled.jpg\",\"contentUrl\":\"https:\\\/\\\/duda-design.com\\\/wp-content\\\/uploads\\\/2021\\\/09\\\/IMG_20210903_155139-scaled.jpg\",\"width\":1920,\"height\":2560},{\"@type\":\"BreadcrumbList\",\"@id\":\"https:\\\/\\\/duda-design.com\\\/hr\\\/catalog\\\/nausnice\\\/1-nausnice-sandra\\\/#breadcrumb\",\"itemListElement\":[{\"@type\":\"ListItem\",\"position\":1,\"name\":\"Home\",\"item\":\"https:\\\/\\\/duda-design.com\\\/hr\\\/\"},{\"@type\":\"ListItem\",\"position\":2,\"name\":\"Katalog\",\"item\":\"https:\\\/\\\/duda-design.com\\\/hr\\\/katalog\\\/\"},{\"@type\":\"ListItem\",\"position\":3,\"name\":\"1 Nau\u0161nice SANDRA\"}]},{\"@type\":\"WebSite\",\"@id\":\"https:\\\/\\\/duda-design.com\\\/#website\",\"url\":\"https:\\\/\\\/duda-design.com\\\/\",\"name\":\"Duda design\",\"description\":\"Unique handmade jewelery\",\"publisher\":{\"@id\":\"https:\\\/\\\/duda-design.com\\\/#organization\"},\"potentialAction\":[{\"@type\":\"SearchAction\",\"target\":{\"@type\":\"EntryPoint\",\"urlTemplate\":\"https:\\\/\\\/duda-design.com\\\/?s={search_term_string}\"},\"query-input\":{\"@type\":\"PropertyValueSpecification\",\"valueRequired\":true,\"valueName\":\"search_term_string\"}}],\"inLanguage\":\"hr\"},{\"@type\":\"Organization\",\"@id\":\"https:\\\/\\\/duda-design.com\\\/#organization\",\"name\":\"Duda design\",\"url\":\"https:\\\/\\\/duda-design.com\\\/\",\"logo\":{\"@type\":\"ImageObject\",\"inLanguage\":\"hr\",\"@id\":\"https:\\\/\\\/duda-design.com\\\/#\\\/schema\\\/logo\\\/image\\\/\",\"url\":\"https:\\\/\\\/duda-design.com\\\/wp-content\\\/uploads\\\/2018\\\/11\\\/duda-logo-full.png\",\"contentUrl\":\"https:\\\/\\\/duda-design.com\\\/wp-content\\\/uploads\\\/2018\\\/11\\\/duda-logo-full.png\",\"width\":679,\"height\":600,\"caption\":\"Duda design\"},\"image\":{\"@id\":\"https:\\\/\\\/duda-design.com\\\/#\\\/schema\\\/logo\\\/image\\\/\"}}]}<\/script>\n<!-- \/ Yoast SEO plugin. -->","yoast_head_json":{"title":"1 Nau\u0161nice SANDRA - Duda design","robots":{"index":"index","follow":"follow","max-snippet":"max-snippet:-1","max-image-preview":"max-image-preview:large","max-video-preview":"max-video-preview:-1"},"canonical":"https:\/\/duda-design.com\/hr\/catalog\/nausnice\/1-nausnice-sandra\/","og_locale":"hr_HR","og_type":"article","og_title":"1 Nau\u0161nice SANDRA - Duda design","og_description":"DETAILS   Semi-Hoop Drop Earrings With Butterfly Backs  Amber Bead \u00d8 1.8 cm approx.  Solid Pure &amp; Sterling Silver (Not Hollow)  Hoop Size \u00d8 2.5 cm approx.  L 5 cm x W 1.4 cm approx.  8.5 g\/pair","og_url":"https:\/\/duda-design.com\/hr\/catalog\/nausnice\/1-nausnice-sandra\/","og_site_name":"Duda design","article_modified_time":"2021-09-05T09:58:03+00:00","og_image":[{"width":1920,"height":2560,"url":"https:\/\/duda-design.com\/wp-content\/uploads\/2021\/09\/IMG_20210903_155139-scaled.jpg","type":"image\/jpeg"}],"twitter_card":"summary_large_image","schema":{"@context":"https:\/\/schema.org","@graph":[{"@type":"WebPage","@id":"https:\/\/duda-design.com\/hr\/catalog\/nausnice\/1-nausnice-sandra\/","url":"https:\/\/duda-design.com\/hr\/catalog\/nausnice\/1-nausnice-sandra\/","name":"1 Nau\u0161nice SANDRA - Duda design","isPartOf":{"@id":"https:\/\/duda-design.com\/#website"},"primaryImageOfPage":{"@id":"https:\/\/duda-design.com\/hr\/catalog\/nausnice\/1-nausnice-sandra\/#primaryimage"},"image":{"@id":"https:\/\/duda-design.com\/hr\/catalog\/nausnice\/1-nausnice-sandra\/#primaryimage"},"thumbnailUrl":"https:\/\/duda-design.com\/wp-content\/uploads\/2021\/09\/IMG_20210903_155139-scaled.jpg","datePublished":"2021-09-05T09:53:53+00:00","dateModified":"2021-09-05T09:58:03+00:00","breadcrumb":{"@id":"https:\/\/duda-design.com\/hr\/catalog\/nausnice\/1-nausnice-sandra\/#breadcrumb"},"inLanguage":"hr","potentialAction":[{"@type":"ReadAction","target":["https:\/\/duda-design.com\/hr\/catalog\/nausnice\/1-nausnice-sandra\/"]}]},{"@type":"ImageObject","inLanguage":"hr","@id":"https:\/\/duda-design.com\/hr\/catalog\/nausnice\/1-nausnice-sandra\/#primaryimage","url":"https:\/\/duda-design.com\/wp-content\/uploads\/2021\/09\/IMG_20210903_155139-scaled.jpg","contentUrl":"https:\/\/duda-design.com\/wp-content\/uploads\/2021\/09\/IMG_20210903_155139-scaled.jpg","width":1920,"height":2560},{"@type":"BreadcrumbList","@id":"https:\/\/duda-design.com\/hr\/catalog\/nausnice\/1-nausnice-sandra\/#breadcrumb","itemListElement":[{"@type":"ListItem","position":1,"name":"Home","item":"https:\/\/duda-design.com\/hr\/"},{"@type":"ListItem","position":2,"name":"Katalog","item":"https:\/\/duda-design.com\/hr\/katalog\/"},{"@type":"ListItem","position":3,"name":"1 Nau\u0161nice SANDRA"}]},{"@type":"WebSite","@id":"https:\/\/duda-design.com\/#website","url":"https:\/\/duda-design.com\/","name":"Duda design","description":"Unique handmade jewelery","publisher":{"@id":"https:\/\/duda-design.com\/#organization"},"potentialAction":[{"@type":"SearchAction","target":{"@type":"EntryPoint","urlTemplate":"https:\/\/duda-design.com\/?s={search_term_string}"},"query-input":{"@type":"PropertyValueSpecification","valueRequired":true,"valueName":"search_term_string"}}],"inLanguage":"hr"},{"@type":"Organization","@id":"https:\/\/duda-design.com\/#organization","name":"Duda design","url":"https:\/\/duda-design.com\/","logo":{"@type":"ImageObject","inLanguage":"hr","@id":"https:\/\/duda-design.com\/#\/schema\/logo\/image\/","url":"https:\/\/duda-design.com\/wp-content\/uploads\/2018\/11\/duda-logo-full.png","contentUrl":"https:\/\/duda-design.com\/wp-content\/uploads\/2018\/11\/duda-logo-full.png","width":679,"height":600,"caption":"Duda design"},"image":{"@id":"https:\/\/duda-design.com\/#\/schema\/logo\/image\/"}}]}},"_links":{"self":[{"href":"https:\/\/duda-design.com\/hr\/wp-json\/wp\/v2\/product\/7652","targetHints":{"allow":["GET"]}}],"collection":[{"href":"https:\/\/duda-design.com\/hr\/wp-json\/wp\/v2\/product"}],"about":[{"href":"https:\/\/duda-design.com\/hr\/wp-json\/wp\/v2\/types\/product"}],"wp:featuredmedia":[{"embeddable":true,"href":"https:\/\/duda-design.com\/hr\/wp-json\/wp\/v2\/media\/7651"}],"wp:attachment":[{"href":"https:\/\/duda-design.com\/hr\/wp-json\/wp\/v2\/media?parent=7652"}],"wp:term":[{"taxonomy":"product_brand","embeddable":true,"href":"https:\/\/duda-design.com\/hr\/wp-json\/wp\/v2\/product_brand?post=7652"},{"taxonomy":"product_cat","embeddable":true,"href":"https:\/\/duda-design.com\/hr\/wp-json\/wp\/v2\/product_cat?post=7652"},{"taxonomy":"product_tag","embeddable":true,"href":"https:\/\/duda-design.com\/hr\/wp-json\/wp\/v2\/product_tag?post=7652"}],"curies":[{"name":"wp","href":"https:\/\/api.w.org\/{rel}","templated":true}]}}